{"id":724,"date":"2018-12-21T20:57:26","date_gmt":"2018-12-21T19:57:26","guid":{"rendered":"http:\/\/blog.mkoermer.de\/?page_id=724"},"modified":"2018-12-25T21:51:05","modified_gmt":"2018-12-25T20:51:05","slug":"smart-living","status":"publish","type":"page","link":"https:\/\/blog.mkoermer.de\/?page_id=724","title":{"rendered":"Smart Living"},"content":{"rendered":"<p>Hier teile ich Informationen rund um das Thema Smart Living<\/p>\n<hr \/>\n<p>H\u00f6rt man heute die Begriffe \u201eSmart-Home\u201c, Smart-Living, Smart-Building\u201c, \u201eAmbient Assisted Living (AAL)\u201c oder andere smarte Begriffe, denken sich viele, warum braucht man die ganze Technik?<\/p>\n<p>Viele haben schon von Freunden geh\u00f6rt, dass viele mit smarten L\u00f6sungen entweder total zufrieden waren, oder tief ungl\u00fccklich mit den eigentlichen Helfer des Alltages.<\/p>\n<p>Ich h\u00f6re das meist immer, wenn interessierte Teilnehmer in Seminare sitzen oder man sich mit Bauherren unterh\u00e4lt. Aber auch die Aussage ein Bussystem kommt mir nicht ins Haus &#8211; sowas braucht man doch nicht&#8230; oder die Aussage ist eben, dass die Bekannten mit Bussystem absolut nicht zufrieden sind.<\/p>\n<p>Die letzte Aussage liegt meist damit begr\u00fcndet, dass der Installateur und der Kunde kein &#8222;richtiges&#8220; Gespr\u00e4ch gef\u00fchrt haben, bzw. der Installateur nicht zugeh\u00f6rt hat, was denn eigentlich der Kunde m\u00f6chte.<\/p>\n<p>Ich bin der Meinung, dass wenn heute jemand renoviert, oder neu baut, und er noch konventionell (also keine weiterf\u00fchrende Technik verbaut) installieren l\u00e4\u00dft, sich vieles in der Zukunft verbaut.<\/p>\n<p>Es ist doch auch so, dass man im Alter doch noch gerne zuhause in seinen eigenen vier W\u00e4nden wohnen m\u00f6chte. Dies kann mit konventioneller Technik nicht mehr garantiert werden, da z. B. die Schalter f\u00fcr die Beleuchtung erst angepa\u00dft werden m\u00fcssen ( z. B. tiefer gesetzt werden, wenn man auf den Rollstuhl angewiesen ist). Dies ist meist mit sehr viel Installationsaufwand verbunden, was dann meist auch nicht durchgef\u00fchrt wird. H\u00e4tte man jetzt aber ein Bussystem, k\u00f6nnte man seine Beleuchtung\/Beschattung\/Heizung komplett \u00fcber Sprache gesteuert werden &#8211; ja richtig, \u00fcber Sprache!<\/p>\n<p>Viele lachen jetzt, wenn sie das lesen, aber dies ist m\u00f6glich, und man muss hierbei auch nicht viel ver\u00e4ndern, sondern es nur vorf\u00fchren und zeigen!<\/p>\n<p>Au\u00dferdem ist es m\u00f6glich, dass man alles auch bequem \u00fcber Tablet oder Smartphone steuern kann &#8211; bitte vergessen Sie die Ansicht, dass man im Alter die Ger\u00e4te nicht mehr bedienen kann &#8211; die Gr\u00f6\u00dfe der Schaltfl\u00e4chen z. B. f\u00fcr die Beleuchtung muss eben an die M\u00f6glichkeiten des Einzelnen angepa\u00dft werden.<\/p>\n<p>Ich m\u00f6chte nebenbei auch nicht vergessen zu erw\u00e4hnen, dass auch das Thema Sicherheit bei einem Bussystem immer ein ruhiges Gef\u00fchl des Bewohners gibt!<br \/>\nStellen Sie sich z. B. vor, dass Abends die Bewegungsmelder im Keller- und Erdgeschoss normal die Beleuchtung schalten, aber ab 23 Uhr (Zeit muss nat\u00fcrlich f\u00fcr jeden Einzelnen angepa\u00dft werden) schalten diese Bewegungsmelder jetzt nicht mehr nur das Licht in dem betreffenden Bereich, sondern schaltet jetzt PANIK =&gt; das bedeutet, im ganzen Haus werden die Beleuchtungen eingeschaltet und die Beschattung hochgefahren &#8211; so wird auch dem Einbrecher bewu\u00dft, dass er nicht unbeobachtet hier seine Dinge durchf\u00fchren kann und sucht das Weite. Die Bewohner selbst, sperren sich in der Situation in ihre R\u00e4ume ein, und rufen den Notruf.<\/p>\n<p>(Das ist nat\u00fcrlich nicht mit einer Gefahrenmeldeanlage vergleichbar, aber schafft doppelten Nutzen und somit auch ein geniales Preis\/Leistungsverh\u00e4ltnis).<\/p>\n<p>Nat\u00fcrlich darf hier auch nicht vergessen werden, dass das Zuhause auch selbst die Temperatur in den jeweiligen R\u00e4umen regelt &#8211; auch in Abh\u00e4ngigkeit von Au\u00dfentemperatur mit der Beschattung. Somit werden auch die Energiekosten des Geb\u00e4udes gering gehalten, wenn man sich der solaren Energie der Sonne annimmt.<\/p>\n<p>Sie sehen es selbst &#8211; <span style=\"color: #0000ff;\">es gibt viele M\u00f6glichkeiten!\u00a0<\/span><\/p>\n","protected":false},"excerpt":{"rendered":"<p>Hier teile ich Informationen rund um das Thema Smart Living H\u00f6rt man heute die Begriffe \u201eSmart-Home\u201c, Smart-Living, Smart-Building\u201c, \u201eAmbient Assisted Living (AAL)\u201c oder andere smarte Begriffe, denken sich viele, warum braucht man die ganze Technik? Viele haben schon von Freunden geh\u00f6rt, dass viele mit smarten L\u00f6sungen entweder total zufrieden waren, oder tief ungl\u00fccklich mit den &hellip; <a href=\"https:\/\/blog.mkoermer.de\/?page_id=724\" class=\"more-link\"><span class=\"screen-reader-text\">Smart Living<\/span> weiterlesen <span class=\"meta-nav\">&rarr;<\/span><\/a><\/p>\n","protected":false},"author":1,"featured_media":0,"parent":0,"menu_order":0,"comment_status":"closed","ping_status":"closed","template":"","meta":{"footnotes":""},"class_list":["post-724","page","type-page","status-publish","hentry"],"jetpack_sharing_enabled":true,"_links":{"self":[{"href":"https:\/\/blog.mkoermer.de\/index.php?rest_route=\/wp\/v2\/pages\/724","targetHints":{"allow":["GET"]}}],"collection":[{"href":"https:\/\/blog.mkoermer.de\/index.php?rest_route=\/wp\/v2\/pages"}],"about":[{"href":"https:\/\/blog.mkoermer.de\/index.php?rest_route=\/wp\/v2\/types\/page"}],"author":[{"embeddable":true,"href":"https:\/\/blog.mkoermer.de\/index.php?rest_route=\/wp\/v2\/users\/1"}],"replies":[{"embeddable":true,"href":"https:\/\/blog.mkoermer.de\/index.php?rest_route=%2Fwp%2Fv2%2Fcomments&post=724"}],"version-history":[{"count":4,"href":"https:\/\/blog.mkoermer.de\/index.php?rest_route=\/wp\/v2\/pages\/724\/revisions"}],"predecessor-version":[{"id":729,"href":"https:\/\/blog.mkoermer.de\/index.php?rest_route=\/wp\/v2\/pages\/724\/revisions\/729"}],"wp:attachment":[{"href":"https:\/\/blog.mkoermer.de\/index.php?rest_route=%2Fwp%2Fv2%2Fmedia&parent=724"}],"curies":[{"name":"wp","href":"https:\/\/api.w.org\/{rel}","templated":true}]}}